{"id":1967,"date":"2016-02-22T15:55:50","date_gmt":"2016-02-22T15:55:50","guid":{"rendered":"http:\/\/demo.themelogi.com\/navian\/?page_id=1967"},"modified":"2022-11-02T09:28:13","modified_gmt":"2022-11-02T06:28:13","slug":"contact-1","status":"publish","type":"page","link":"https:\/\/mutinox.com\/en\/contact-1\/","title":{"rendered":"Contact 1"},"content":{"rendered":"<p>[vc_row full_width=&#8221;stretch_row&#8221;][vc_column]<div class=\"tlg-custom-embed  \"><iframe style=\"height: 550px;\" frameborder=\"0\" scrolling=\"no\" marginheight=\"0\" marginwidth=\"0\" src=\"https:\/\/maps.google.com\/maps?q=%C5%9Eehyli%20mah.%20Ankara%20cad.%20No%3A%20366%20KURTK%C3%96Y%2034906%20PEND%C4%B0K%20%2F%20%C4%B0STANBUL%2F%20TURKEY&amp;t=m&amp;z=14&amp;output=embed&amp;iwloc=near\" aria-label=\"\u015eehyli mah. Ankara cad. No: 366 KURTK\u00d6Y 34906 PEND\u0130K \/ \u0130STANBUL\/ TURKEY\"><\/iframe><\/div>[\/vc_column][\/vc_row][vc_row tlg_background_style=&#8221;bg-secondary&#8221; tlg_padding=&#8221;pb0&#8243; el_class=&#8221;contact-line&#8221;][vc_column]<div class=\"headings-title \"><div class=\"mb40 mb-xs-40 text-left\"><h5  class=\"widgettitle\">Whether you have a comment to share, we look forward to hearing <cite><i>from you<\/i><\/cite><\/h5><\/div><\/div>[\/vc_column][\/vc_row][vc_row tlg_background_style=&#8221;bg-secondary&#8221; tlg_padding=&#8221;pt0&#8243; el_class=&#8221;contact-line&#8221;][vc_column][vc_column_text]Please contact us for any inquiries and we&#8217;ll get back to you within 1 \u2013 2 business days. We look forward to working with you.[\/vc_column_text]<div class=\" icon_title_list-content icon-list-large\"><ul class=\"icon_title_list\"><li><span class=\"inline-block mb8 mr-15\"><i style=\"color:#49c5b6;\" class=\"ti-location-pin  inline-block\"><\/i><\/span><span >\u015eehyli mah. La\u00e7in sok. No: 7 34906 PEND\u0130K \/ \u0130STANBUL\/ TURKEY<\/span><\/li><li><span class=\"inline-block mb8 mr-15\"><i style=\"color:#49c5b6;\" class=\"ti-headphone-alt  inline-block\"><\/i><\/span><span >+90 216 3781101<\/span><\/li><li><span class=\"inline-block mb8 mr-15\"><i style=\"color:#49c5b6;\" class=\"ti-headphone-alt  inline-block\"><\/i><\/span><span >+90 216 3781102<\/span><\/li><li><span class=\"inline-block mb8 mr-15\"><i style=\"color:#49c5b6;\" class=\"fa fa-envelope  inline-block\"><\/i><\/span><span >info@mutinox.com<\/span><\/li><\/ul><\/div>[\/vc_column][\/vc_row]<\/p>\n","protected":false},"excerpt":{"rendered":"<p>[vc_row full_width=&#8221;stretch_row&#8221;][vc_column][\/vc_column][\/vc_row][vc_row tlg_background_style=&#8221;bg-secondary&#8221; tlg_padding=&#8221;pb0&#8243; el_class=&#8221;contact-line&#8221;][vc_column][\/vc_column][\/vc_row][vc_row tlg_background_style=&#8221;bg-secondary&#8221; tlg_padding=&#8221;pt0&#8243; el_class=&#8221;contact-line&#8221;][vc_column][vc_column_text]Please contact us for any inquiries and we&#8217;ll get back to you within 1 \u2013 2 business days. We look forward to working with you.[\/vc_column_text][\/vc_column][\/vc_row]<\/p>\n","protected":false},"author":1,"featured_media":0,"parent":0,"menu_order":0,"comment_status":"closed","ping_status":"closed","template":"","meta":{"footnotes":""},"class_list":["post-1967","page","type-page","status-publish","hentry"],"_links":{"self":[{"href":"https:\/\/mutinox.com\/en\/wp-json\/wp\/v2\/pages\/1967","targetHints":{"allow":["GET"]}}],"collection":[{"href":"https:\/\/mutinox.com\/en\/wp-json\/wp\/v2\/pages"}],"about":[{"href":"https:\/\/mutinox.com\/en\/wp-json\/wp\/v2\/types\/page"}],"author":[{"embeddable":true,"href":"https:\/\/mutinox.com\/en\/wp-json\/wp\/v2\/users\/1"}],"replies":[{"embeddable":true,"href":"https:\/\/mutinox.com\/en\/wp-json\/wp\/v2\/comments?post=1967"}],"version-history":[{"count":4,"href":"https:\/\/mutinox.com\/en\/wp-json\/wp\/v2\/pages\/1967\/revisions"}],"predecessor-version":[{"id":8860,"href":"https:\/\/mutinox.com\/en\/wp-json\/wp\/v2\/pages\/1967\/revisions\/8860"}],"wp:attachment":[{"href":"https:\/\/mutinox.com\/en\/wp-json\/wp\/v2\/media?parent=1967"}],"curies":[{"name":"wp","href":"https:\/\/api.w.org\/{rel}","templated":true}]}}